{"id":343,"date":"2018-11-30T06:42:17","date_gmt":"2018-11-30T06:42:17","guid":{"rendered":"http:\/\/kycodontologos.com\/kyc\/?page_id=343"},"modified":"2019-02-06T01:00:02","modified_gmt":"2019-02-06T01:00:02","slug":"u-f-i","status":"publish","type":"page","link":"http:\/\/kycodontologos.com\/kyc\/u-f-i\/","title":{"rendered":"U.F.I"},"content":{"rendered":"<p>[vc_row css_animation=&#8221;&#8221; row_type=&#8221;row&#8221; use_row_as_full_screen_section=&#8221;no&#8221; type=&#8221;full_width&#8221; angled_section=&#8221;no&#8221; text_align=&#8221;left&#8221; background_image_as_pattern=&#8221;without_pattern&#8221;][vc_column width=&#8221;1\/6&#8243;][\/vc_column][vc_column width=&#8221;4\/6&#8243;][qode_elements_holder number_of_columns=&#8221;one_column&#8221;][qode_elements_holder_item advanced_animations=&#8221;no&#8221;][vc_empty_space height=&#8221;50&#8243;][vc_column_text]<span style=\"color: #5cabde; font-size: 14pt; font-family: Verdana, Geneva;\">Hace siete a\u00f1os<\/span><\/p>\n<p><span style=\"color: #5cabde; font-size: 14pt; font-family: Verdana, Geneva;\"> KALIL &amp; CABALLERO ODONTOLOGOS cre\u00f3 la U.F.I<\/span><\/p>\n<p>&nbsp;<\/p>\n<p><span style=\"font-family: Verdana, Geneva;\"><strong><span style=\"color: #5cabde; font-size: 36pt;\">UNIDAD FUNCIONAL INTEGRAL<\/span><\/strong><\/span>[\/vc_column_text][vc_empty_space height=&#8221;100&#8243;][\/qode_elements_holder_item][\/qode_elements_holder][\/vc_column][vc_column width=&#8221;1\/6&#8243;][\/vc_column][\/vc_row][vc_row css_animation=&#8221;&#8221; row_type=&#8221;row&#8221; use_row_as_full_screen_section=&#8221;no&#8221; type=&#8221;full_width&#8221; angled_section=&#8221;no&#8221; text_align=&#8221;left&#8221; background_image_as_pattern=&#8221;without_pattern&#8221;][vc_column][vc_empty_space height=&#8221;50&#8243;][vc_video link=&#8221;https:\/\/www.youtube.com\/watch?v=kQxlH1RP_0c&#8221;][vc_empty_space height=&#8221;50&#8243;][\/vc_column][\/vc_row][vc_row css_animation=&#8221;&#8221; row_type=&#8221;row&#8221; use_row_as_full_screen_section=&#8221;no&#8221; type=&#8221;full_width&#8221; angled_section=&#8221;no&#8221; text_align=&#8221;left&#8221; background_image_as_pattern=&#8221;without_pattern&#8221;][vc_column width=&#8221;1\/12&#8243;][\/vc_column][vc_column width=&#8221;10\/12&#8243;][vc_single_image image=&#8221;543&#8243; img_size=&#8221;full&#8221; alignment=&#8221;center&#8221; qode_css_animation=&#8221;&#8221;][vc_empty_space height=&#8221;5&#8243;][vc_single_image image=&#8221;544&#8243; img_size=&#8221;full&#8221; alignment=&#8221;center&#8221; qode_css_animation=&#8221;&#8221;][\/vc_column][vc_column width=&#8221;1\/12&#8243;][\/vc_column][\/vc_row][vc_row css_animation=&#8221;&#8221; row_type=&#8221;row&#8221; use_row_as_full_screen_section=&#8221;no&#8221; type=&#8221;full_width&#8221; angled_section=&#8221;no&#8221; text_align=&#8221;left&#8221; background_image_as_pattern=&#8221;without_pattern&#8221;][vc_column][vc_empty_space height=&#8221;50&#8243;][vc_video link=&#8221;https:\/\/www.youtube.com\/watch?v=-cYuCkxuRUI&#8221;][vc_empty_space height=&#8221;50&#8243;][\/vc_column][\/vc_row][vc_row css_animation=&#8221;&#8221; row_type=&#8221;row&#8221; use_row_as_full_screen_section=&#8221;no&#8221; type=&#8221;full_width&#8221; angled_section=&#8221;no&#8221; text_align=&#8221;left&#8221; background_image_as_pattern=&#8221;without_pattern&#8221;][vc_column width=&#8221;1\/6&#8243;][\/vc_column][vc_column width=&#8221;4\/6&#8243;][qode_elements_holder number_of_columns=&#8221;one_column&#8221;][qode_elements_holder_item advanced_animations=&#8221;no&#8221;][vc_single_image image=&#8221;391&#8243; img_size=&#8221;full&#8221; qode_css_animation=&#8221;&#8221;][vc_empty_space][vc_column_text]<strong>Unidad<\/strong>:\u00a0 Unimos odontolog\u00eda, fisioterapia y medicina para tratar a nuestros pacientes en una misma sede.<\/p>\n<p><strong>Funcional<\/strong>: Buscamos el buen funcionamiento del sistema masticatorio en armon\u00eda con el sistema vertebral, desde el cuello hasta los miembros inferiores del cuerpo<\/p>\n<p><strong>Integral<\/strong>: Procuramos que todo el sistema corporal act\u00fae correctamente de manera integral.<\/p>\n<p>En la <strong>oclusi\u00f3n<\/strong> interviene tal cantidad de m\u00fasculos que si funcionan <strong>anormalmente<\/strong> son capaces de <strong>afectar la columna<\/strong>\u00a0 cervical y desde all\u00ed modificar estructuralmente\u00a0 toda la columna vertebral con\u00a0 su complejo sistema de m\u00fasculos, tendones, ligamentos y todo el sistema miofascial.<\/p>\n<p class=\"p1\"><span class=\"s1\">En <strong>KALIL &amp; CABALLERO ODONT\u00d3LOGOS<\/strong> lo hemos llamado,\u00a0<\/span><strong><span class=\"s2\">el efecto polea de los dientes<\/span><\/strong><span class=\"s1\">\u00a0pues el sistema muscular \u00a0del cuerpo humano funciona como una\u00a0m\u00e1quina simple : un dispositivo mec\u00e1nico de tracci\u00f3n, (polea), que sirve para transmitir fuerzas. <strong>Los m\u00fasculos trabajan de manera conjunta<\/strong>, por lo tanto, la funci\u00f3n de uno<span class=\"Apple-converted-space\">\u00a0\u00a0<\/span><strong>se<span class=\"Apple-converted-space\">\u00a0\u00a0<\/span>encadena<\/strong> con la de si el mecanismo de acci\u00f3n se altera no lo hace de manera independiente.<span class=\"Apple-converted-space\">\u00a0 \u00a0<\/span><\/span><\/p>\n<p class=\"p1\"><span class=\"s1\">El punto<span class=\"Apple-converted-space\">\u00a0\u00a0<\/span>de partida primordial de todos estos problemas<span class=\"Apple-converted-space\">\u00a0\u00a0<\/span>de origen odontol\u00f3gico es el <strong>BRUXISMO<\/strong> que inicia una serie de a<strong>lteraciones de los m\u00fasculos masticatorios<\/strong> que, fatigados y modificados bioqu\u00edmicamente producen <strong>desgastes dentales y alteraciones graves e incapacitantes<\/strong> como insomnio, dolores cr\u00f3nicos de cuello<span class=\"Apple-converted-space\">\u00a0\u00a0<\/span>hombros y de cabeza, pitos en los o\u00eddos, v\u00e9rtigo,<span class=\"Apple-converted-space\">\u00a0\u00a0<\/span>dolores y descompensaciones musculares a lo largo de todo el cuerpo.<\/span><\/p>\n<p class=\"p1\"><span class=\"s1\">El <strong>diagnostico odontol\u00f3gico<\/strong> permite iniciar el tratamiento correcto de las <strong>alteraciones masticatorias<\/strong> que tienen efecto sobre la <strong>postura<\/strong>. Luego se <strong>remite a nuestros fisioterapeutas<\/strong> para el <strong>tratamiento complementario<\/strong> del sistema musculo esquel\u00e9tico del paciente, y la elaboraci\u00f3n de un dispositivo intrabucal especial (splint) que permite el pronto alivio de los s\u00edntomas.<\/span><\/p>\n<p class=\"p1\"><span class=\"s1\">A trav\u00e9s de las <strong>TERAPIAS ALTERNATIVAS<\/strong> \u00a0y las diferentes terapias ancestrales se logra que la armon\u00eda corporal buscada por nuestros especialistas <strong>recupere de manera r\u00e1pida, integral y sostenida<\/strong> la salud y el bienestar a los pacientes.<\/span><\/p>\n<p class=\"p1\"><strong><span class=\"s1\">La alineaci\u00f3n de los ejes del cuerpo, es nuestra meta.<\/span><\/strong><\/p>\n<p>[\/vc_column_text][vc_empty_space][vc_gallery type=&#8221;image_grid&#8221; images=&#8221;393,394,395&#8243; img_size=&#8221;medium&#8221; onclick=&#8221;&#8221; column_number=&#8221;3&#8243; grayscale=&#8221;no&#8221; images_space=&#8221;gallery_without_space&#8221;][\/qode_elements_holder_item][\/qode_elements_holder][\/vc_column][vc_column width=&#8221;1\/6&#8243;][\/vc_column][\/vc_row][vc_row css_animation=&#8221;&#8221; row_type=&#8221;row&#8221; use_row_as_full_screen_section=&#8221;no&#8221; type=&#8221;full_width&#8221; angled_section=&#8221;no&#8221; text_align=&#8221;left&#8221; background_image_as_pattern=&#8221;without_pattern&#8221;][vc_column width=&#8221;2\/3&#8243; css=&#8221;.vc_custom_1544076120299{background-color: #6dc8f1 !important;}&#8221;][\/vc_column][vc_column width=&#8221;1\/3&#8243;][qode_elements_holder number_of_columns=&#8221;one_column&#8221;][qode_elements_holder_item background_color=&#8221;#6dc8f1&#8243; item_padding=&#8221;65px 65px 65px 65px&#8221; advanced_animations=&#8221;no&#8221;][vc_column_text]<\/p>\n<h2><span style=\"color: #ffffff;\">HORARIO DE ATENCI\u00d3N<\/span><\/h2>\n<p>[\/vc_column_text][vc_empty_space height=&#8221;13&#8243;]<div class=\"qode-advanced-pricing-list\">\n\t<div class=\"qode-apl-header\">\n\t\t<div class=\"qode-apl-title-holder\">\n\t\t\t<h3 class=\"qode-apl-title\" >\n\t\t\t\t\t\t\t<\/h3>\n\t\t<\/div>\n\t<\/div>\n\t<div class=\"qode-apl-items\">\n\t\t\t\t\t<div class=\"qode-apl-item\">\n\t\t\t\t<div class=\"qode-apl-item-top\">\n\t\t\t\t\t<p class=\"qode-apl-item-title\" style=\"color:#ffffff\">\n\t\t\t\t\t\tLunes\t\t\t\t\t<\/p>\n\t\t\t\t\t<div class=\"qode-apl-line\" style=\"border-style:dotted;border-color:#ffffff\"><\/div>\n\t\t\t\t\t<p class=\"qode-apl-item-price\" style=\"color:#ffffff\">\n\t\t\t\t\t\t08:00 - 18:00\t\t\t\t\t<\/p>\n\t\t\t\t<\/div>\n\t\t\t\t\t\t\t<\/div>\n\t\t\t\t\t<div class=\"qode-apl-item\">\n\t\t\t\t<div class=\"qode-apl-item-top\">\n\t\t\t\t\t<p class=\"qode-apl-item-title\" style=\"color:#ffffff\">\n\t\t\t\t\t\tMartes\t\t\t\t\t<\/p>\n\t\t\t\t\t<div class=\"qode-apl-line\" style=\"border-style:dotted;border-color:#ffffff\"><\/div>\n\t\t\t\t\t<p class=\"qode-apl-item-price\" style=\"color:#ffffff\">\n\t\t\t\t\t\t08:00 - 18:00\t\t\t\t\t<\/p>\n\t\t\t\t<\/div>\n\t\t\t\t\t\t\t<\/div>\n\t\t\t\t\t<div class=\"qode-apl-item\">\n\t\t\t\t<div class=\"qode-apl-item-top\">\n\t\t\t\t\t<p class=\"qode-apl-item-title\" style=\"color:#ffffff\">\n\t\t\t\t\t\tMi\u00e9rcoles\t\t\t\t\t<\/p>\n\t\t\t\t\t<div class=\"qode-apl-line\" style=\"border-style:dotted;border-color:#ffffff\"><\/div>\n\t\t\t\t\t<p class=\"qode-apl-item-price\" style=\"color:#ffffff\">\n\t\t\t\t\t\t08:00 - 18:00\t\t\t\t\t<\/p>\n\t\t\t\t<\/div>\n\t\t\t\t\t\t\t<\/div>\n\t\t\t\t\t<div class=\"qode-apl-item\">\n\t\t\t\t<div class=\"qode-apl-item-top\">\n\t\t\t\t\t<p class=\"qode-apl-item-title\" style=\"color:#ffffff\">\n\t\t\t\t\t\tJueves\t\t\t\t\t<\/p>\n\t\t\t\t\t<div class=\"qode-apl-line\" style=\"border-style:dotted;border-color:#ffffff\"><\/div>\n\t\t\t\t\t<p class=\"qode-apl-item-price\" style=\"color:#ffffff\">\n\t\t\t\t\t\t08:00 - 18:00\t\t\t\t\t<\/p>\n\t\t\t\t<\/div>\n\t\t\t\t\t\t\t<\/div>\n\t\t\t\t\t<div class=\"qode-apl-item\">\n\t\t\t\t<div class=\"qode-apl-item-top\">\n\t\t\t\t\t<p class=\"qode-apl-item-title\" style=\"color:#ffffff\">\n\t\t\t\t\t\tViernes\t\t\t\t\t<\/p>\n\t\t\t\t\t<div class=\"qode-apl-line\" style=\"border-style:dotted;border-color:#ffffff\"><\/div>\n\t\t\t\t\t<p class=\"qode-apl-item-price\" style=\"color:#ffffff\">\n\t\t\t\t\t\t08:00 - 18:00\t\t\t\t\t<\/p>\n\t\t\t\t<\/div>\n\t\t\t\t\t\t\t<\/div>\n\t\t\t\t\t<div class=\"qode-apl-item\">\n\t\t\t\t<div class=\"qode-apl-item-top\">\n\t\t\t\t\t<p class=\"qode-apl-item-title\" style=\"color:#ffffff\">\n\t\t\t\t\t\tSabado\t\t\t\t\t<\/p>\n\t\t\t\t\t<div class=\"qode-apl-line\" style=\"border-style:dotted;border-color:#ffffff\"><\/div>\n\t\t\t\t\t<p class=\"qode-apl-item-price\" style=\"color:#ffffff\">\n\t\t\t\t\t\t09:00 - 13:00\t\t\t\t\t<\/p>\n\t\t\t\t<\/div>\n\t\t\t\t\t\t\t<\/div>\n\t\t\t<\/div>\n<\/div>[\/qode_elements_holder_item][\/qode_elements_holder][\/vc_column][\/vc_row][vc_row css_animation=&#8221;&#8221; row_type=&#8221;row&#8221; use_row_as_full_screen_section=&#8221;no&#8221; type=&#8221;full_width&#8221; angled_section=&#8221;no&#8221; text_align=&#8221;left&#8221; background_image_as_pattern=&#8221;without_pattern&#8221;][vc_column][\/vc_column][\/vc_row][vc_row css_animation=&#8221;&#8221; row_type=&#8221;row&#8221; use_row_as_full_screen_section=&#8221;no&#8221; type=&#8221;full_width&#8221; angled_section=&#8221;no&#8221; text_align=&#8221;left&#8221; background_image_as_pattern=&#8221;without_pattern&#8221;][vc_column width=&#8221;1\/4&#8243;][\/vc_column][vc_column width=&#8221;1\/2&#8243;][vc_empty_space height=&#8221;35px&#8221;][vc_single_image image=&#8221;352&#8243; alignment=&#8221;center&#8221; qode_css_animation=&#8221;&#8221;][vc_empty_space height=&#8221;35px&#8221;][vc_column_text]<\/p>\n<h1><\/h1>\n<h1><\/h1>\n<h1 style=\"text-align: center;\">TESTIMONIOS<\/h1>\n<p>[\/vc_column_text][vc_empty_space height=&#8221;35px&#8221;]<div class='testimonials_holder clearfix dark'><div class=\"testimonials testimonials_carousel\" data-show-navigation=\"yes\" data-animation-type=\"fade\" data-animation-speed=\"\" data-auto-rotate-slides=\"10\" data-number-per-slide=\"1\"><ul class=\"slides\"><li id=\"testimonials336\" class=\"testimonial_content\"><div class=\"testimonial_content_inner\"><div class=\"testimonial_text_holder\"><div class=\"testimonial_text_inner\" style=\"\"><p>\u201cNo solo le enderezaron los dientes\r\na mi hijo sino que antes le\r\nevaluaron todos los m\u00fasculos de su cuerpo\u201d<\/p><p class=\"testimonial_author\" style=\"\"><\/p><\/div><\/div><\/div><\/li><li id=\"testimonials335\" class=\"testimonial_content\"><div class=\"testimonial_content_inner\"><div class=\"testimonial_text_holder\"><div class=\"testimonial_text_inner\" style=\"\"><p>\u201cJam\u00e1s me hab\u00edan atendido un\r\nodont\u00f3logo y una fisioterapeuta juntos\u201d<\/p><p class=\"testimonial_author\" style=\"\"><\/p><\/div><\/div><\/div><\/li><li id=\"testimonials334\" class=\"testimonial_content\"><div class=\"testimonial_content_inner\"><div class=\"testimonial_text_holder\"><div class=\"testimonial_text_inner\" style=\"\"><p>\u201cEn mi casa se r\u00eden cuando digo\r\nque mis citas odontol\u00f3gicas son un\r\nverdadero placer\u201d<\/p><p class=\"testimonial_author\" style=\"\"><\/p><\/div><\/div><\/div><\/li><li id=\"testimonials333\" class=\"testimonial_content\"><div class=\"testimonial_content_inner\"><div class=\"testimonial_text_holder\"><div class=\"testimonial_text_inner\" style=\"\"><p>\u201cMe encanta que aqu\u00ed me tratan de\r\nmanera integral y no por partes\u201d<\/p><p class=\"testimonial_author\" style=\"\"><\/p><\/div><\/div><\/div><\/li><li id=\"testimonials332\" class=\"testimonial_content\"><div class=\"testimonial_content_inner\"><div class=\"testimonial_text_holder\"><div class=\"testimonial_text_inner\" style=\"\"><p>\u201cJam\u00e1s pens\u00e9 que al tratar con\r\naparatos la boca de mi hijo pudiera\r\nquitarle las plantillas de los pies\u201d<\/p><p class=\"testimonial_author\" style=\"\"><\/p><\/div><\/div><\/div><\/li><li id=\"testimonials331\" class=\"testimonial_content\"><div class=\"testimonial_content_inner\"><div class=\"testimonial_text_holder\"><div class=\"testimonial_text_inner\" style=\"\"><p>\u201cMe siento m\u00e1s tranquila, llegu\u00e9 a\r\npensar que lo m\u00edo era una\r\nenfermedad grave\u201d<\/p><p class=\"testimonial_author\" style=\"\"><\/p><\/div><\/div><\/div><\/li><li id=\"testimonials330\" class=\"testimonial_content\"><div class=\"testimonial_content_inner\"><div class=\"testimonial_text_holder\"><div class=\"testimonial_text_inner\" style=\"\"><p>\u201cVolv\u00ed a dormir desde que uso la placa\u201d<\/p><p class=\"testimonial_author\" style=\"\"><\/p><\/div><\/div><\/div><\/li><li id=\"testimonials196\" class=\"testimonial_content\"><div class=\"testimonial_content_inner\"><div class=\"testimonial_text_holder\"><div class=\"testimonial_text_inner\" style=\"\"><p>\u201cHe mejorado mi swing en golf\r\ndesde que uso mi placa\u201d<\/p><p class=\"testimonial_author\" style=\"\"><\/p><\/div><\/div><\/div><\/li><li id=\"testimonials195\" class=\"testimonial_content\"><div class=\"testimonial_content_inner\"><div class=\"testimonial_text_holder\"><div class=\"testimonial_text_inner\" style=\"\"><p>\u201cDesde que le pusiste el aparato a\r\nAntonia, ya no le duele la cabeza\u201d<\/p><p class=\"testimonial_author\" style=\"\"><\/p><\/div><\/div><\/div><\/li><li id=\"testimonials194\" class=\"testimonial_content\"><div class=\"testimonial_content_inner\"><div class=\"testimonial_text_holder\"><div class=\"testimonial_text_inner\" style=\"\"><p>\u201cJam\u00e1s me imagin\u00e9 que este pito \r\nque siento en el o\u00eddo hace tantos\r\na\u00f1os tuviera que ver con mi mordida\u201d<\/p><p class=\"testimonial_author\" style=\"\"><\/p><\/div><\/div><\/div><\/li><\/ul><\/div><\/div>[\/vc_column][vc_column width=&#8221;1\/4&#8243;][\/vc_column][\/vc_row]<\/p>\n","protected":false},"excerpt":{"rendered":"<p>[vc_row css_animation=&#8221;&#8221; row_type=&#8221;row&#8221; use_row_as_full_screen_section=&#8221;no&#8221; type=&#8221;full_width&#8221; angled_section=&#8221;no&#8221; text_align=&#8221;left&#8221; background_image_as_pattern=&#8221;without_pattern&#8221;][vc_column width=&#8221;1\/6&#8243;][\/vc_column][vc_column width=&#8221;4\/6&#8243;][qode_elements_holder number_of_columns=&#8221;one_column&#8221;][qode_elements_holder_item advanced_animations=&#8221;no&#8221;][vc_empty_space height=&#8221;50&#8243;][vc_column_text]Hace siete a\u00f1os KALIL &amp; CABALLERO ODONTOLOGOS cre\u00f3 la U.F.I &nbsp; UNIDAD FUNCIONAL INTEGRAL[\/vc_column_text][vc_empty_space height=&#8221;100&#8243;][\/qode_elements_holder_item][\/qode_elements_holder][\/vc_column][vc_column width=&#8221;1\/6&#8243;][\/vc_column][\/vc_row][vc_row css_animation=&#8221;&#8221; row_type=&#8221;row&#8221; use_row_as_full_screen_section=&#8221;no&#8221; type=&#8221;full_width&#8221; angled_section=&#8221;no&#8221; text_align=&#8221;left&#8221; background_image_as_pattern=&#8221;without_pattern&#8221;][vc_column][vc_empty_space height=&#8221;50&#8243;][vc_video link=&#8221;https:\/\/www.youtube.com\/watch?v=kQxlH1RP_0c&#8221;][vc_empty_space height=&#8221;50&#8243;][\/vc_column][\/vc_row][vc_row css_animation=&#8221;&#8221; row_type=&#8221;row&#8221; use_row_as_full_screen_section=&#8221;no&#8221; type=&#8221;full_width&#8221; angled_section=&#8221;no&#8221; text_align=&#8221;left&#8221; background_image_as_pattern=&#8221;without_pattern&#8221;][vc_column&#8230;<\/p>\n","protected":false},"author":1,"featured_media":0,"parent":0,"menu_order":0,"comment_status":"closed","ping_status":"closed","template":"full_width.php","meta":{"om_disable_all_campaigns":false,"_monsterinsights_skip_tracking":false,"_monsterinsights_sitenote_active":false,"_monsterinsights_sitenote_note":"","_monsterinsights_sitenote_category":0,"footnotes":""},"class_list":["post-343","page","type-page","status-publish","hentry"],"jetpack_sharing_enabled":true,"_links":{"self":[{"href":"http:\/\/kycodontologos.com\/kyc\/wp-json\/wp\/v2\/pages\/343","targetHints":{"allow":["GET"]}}],"collection":[{"href":"http:\/\/kycodontologos.com\/kyc\/wp-json\/wp\/v2\/pages"}],"about":[{"href":"http:\/\/kycodontologos.com\/kyc\/wp-json\/wp\/v2\/types\/page"}],"author":[{"embeddable":true,"href":"http:\/\/kycodontologos.com\/kyc\/wp-json\/wp\/v2\/users\/1"}],"replies":[{"embeddable":true,"href":"http:\/\/kycodontologos.com\/kyc\/wp-json\/wp\/v2\/comments?post=343"}],"version-history":[{"count":6,"href":"http:\/\/kycodontologos.com\/kyc\/wp-json\/wp\/v2\/pages\/343\/revisions"}],"predecessor-version":[{"id":587,"href":"http:\/\/kycodontologos.com\/kyc\/wp-json\/wp\/v2\/pages\/343\/revisions\/587"}],"wp:attachment":[{"href":"http:\/\/kycodontologos.com\/kyc\/wp-json\/wp\/v2\/media?parent=343"}],"curies":[{"name":"wp","href":"https:\/\/api.w.org\/{rel}","templated":true}]}}