{"id":231,"date":"2018-02-22T16:18:05","date_gmt":"2018-02-22T16:18:05","guid":{"rendered":"http:\/\/bridge167.qodeinteractive.com\/?page_id=231"},"modified":"2018-12-06T06:21:28","modified_gmt":"2018-12-06T06:21:28","slug":"servicios","status":"publish","type":"page","link":"http:\/\/kycodontologos.com\/kyc\/servicios\/","title":{"rendered":"Servicios"},"content":{"rendered":"<p>[vc_row css_animation=&#8221;&#8221; row_type=&#8221;row&#8221; use_row_as_full_screen_section=&#8221;no&#8221; type=&#8221;grid&#8221; angled_section=&#8221;no&#8221; text_align=&#8221;left&#8221; background_image_as_pattern=&#8221;without_pattern&#8221; css=&#8221;.vc_custom_1519316876239{padding-top: 110px !important;padding-bottom: 140px !important;background-color: #ffffff !important;}&#8221; z_index=&#8221;&#8221;][vc_column width=&#8221;1\/2&#8243; offset=&#8221;vc_col-lg-3 vc_col-md-3&#8243; el_class=&#8221;disable-neg-margin-resp&#8221;]<div class='q_icon_with_title tiny custom_icon_image center '><div class=\"icon_holder \" style=\" \"><img decoding=\"async\" itemprop=\"image\" style=\"\" src=\"http:\/\/kycodontologos.com\/kyc\/wp-content\/uploads\/2018\/11\/2.jpg\" alt=\"\"><\/div><div class=\"icon_text_holder\" style=\"\"><div class=\"icon_text_inner\" style=\"\"><h3 class=\"icon_title\" style=\"color: #3e4140;\">EST\u00c9TICA DENTAL<\/h3><p style='color: #929493'><\/p><\/div><\/div><\/div>[vc_column_text]Todos conocemos el <strong>PODER<\/strong> de la <strong>sonrisa<\/strong>. Por eso somos muy cuidadosos en el prop\u00f3sito de mantener el <strong>valioso tesoro<\/strong> de tu <strong>dentadura<\/strong> para que vivas <strong>MEJOR Y M\u00c1S FELIZ<\/strong>. Tu sonrisa irradia seguridad, competencia, salud, confianza y hace m\u00e1s fuertes tus relaciones\u2026<strong>SONR\u00cdE<\/strong>.[\/vc_column_text][\/vc_column][vc_column width=&#8221;1\/2&#8243; offset=&#8221;vc_col-lg-3 vc_col-md-3&#8243; el_class=&#8221;disable-neg-margin-resp&#8221;]<div class='q_icon_with_title tiny custom_icon_image center '><div class=\"icon_holder \" style=\" \"><img decoding=\"async\" itemprop=\"image\" style=\"\" src=\"http:\/\/kycodontologos.com\/kyc\/wp-content\/uploads\/2018\/11\/3.jpg\" alt=\"\"><\/div><div class=\"icon_text_holder\" style=\"\"><div class=\"icon_text_inner\" style=\"\"><h3 class=\"icon_title\" style=\"color: #3e4140;\">REHABILITACI\u00d3N<\/h3><p style='color: #929493'><\/p><\/div><\/div><\/div>[vc_column_text]Para nosotros es un privilegio el poder <strong>restaurar tu sonrisa<\/strong>.Con an\u00e1lisis y minucioso control en la elaboraci\u00f3n de <strong>nuevas piezas<\/strong>, utilizamos las <strong>mejores t\u00e9cnicas<\/strong> desarrolladas para la <strong>salud y preservaci\u00f3n<\/strong> de tus estructuras dentales, trat\u00e1ndolas como una <strong>obra de arte<\/strong>.[\/vc_column_text][\/vc_column][vc_column width=&#8221;1\/2&#8243; offset=&#8221;vc_col-lg-3 vc_col-md-3&#8243; el_class=&#8221;disable-neg-margin-resp&#8221;]<div class='q_icon_with_title tiny custom_icon_image center '><div class=\"icon_holder \" style=\" \"><img decoding=\"async\" itemprop=\"image\" style=\"\" src=\"http:\/\/kycodontologos.com\/kyc\/wp-content\/uploads\/2018\/11\/4.jpg\" alt=\"\"><\/div><div class=\"icon_text_holder\" style=\"\"><div class=\"icon_text_inner\" style=\"\"><h3 class=\"icon_title\" style=\"color: #3e4140;\">ORTOPEDIA MAXILAR<\/h3><p style='color: #929493'><\/p><\/div><\/div><\/div>[vc_column_text]<strong>Los ni\u00f1os<\/strong> son d\u00factiles y maleables como los metales preciosos. Esta caracter\u00edstica a nivel de sus huesos de la cara nos permite ayudar a <strong>formar mejor<\/strong> los maxilares con peque\u00f1as ayudas de aparatos ortop\u00e9dicos que dan armon\u00eda, belleza, y salud a futuro.[\/vc_column_text][\/vc_column][vc_column width=&#8221;1\/2&#8243; offset=&#8221;vc_col-lg-3 vc_col-md-3&#8243; el_class=&#8221;disable-neg-margin-resp&#8221;]<div class='q_icon_with_title tiny custom_icon_image center '><div class=\"icon_holder \" style=\" \"><img decoding=\"async\" itemprop=\"image\" style=\"\" src=\"http:\/\/kycodontologos.com\/kyc\/wp-content\/uploads\/2018\/11\/1.jpg\" alt=\"\"><\/div><div class=\"icon_text_holder\" style=\"\"><div class=\"icon_text_inner\" style=\"\"><h3 class=\"icon_title\" style=\"color: #3e4140;\">IMPLANTES DENTALES<\/h3><p style='color: #929493'><\/p><\/div><\/div><\/div>[vc_column_text]La p\u00e9rdida de uno o m\u00e1s de tus dientes no es una tragedia. Existen los <strong>implantes<\/strong> para que parezca que vuelve a ser tuyo aquello que te hacia tanta falta.[\/vc_column_text][\/vc_column][\/vc_row][vc_row css_animation=&#8221;&#8221; row_type=&#8221;row&#8221; use_row_as_full_screen_section=&#8221;no&#8221; type=&#8221;grid&#8221; angled_section=&#8221;no&#8221; text_align=&#8221;left&#8221; background_image_as_pattern=&#8221;without_pattern&#8221; css=&#8221;.vc_custom_1519316876239{padding-top: 110px !important;padding-bottom: 140px !important;background-color: #ffffff !important;}&#8221; z_index=&#8221;&#8221;][vc_column width=&#8221;1\/2&#8243; offset=&#8221;vc_col-lg-3 vc_col-md-3&#8243; el_class=&#8221;disable-neg-margin-resp&#8221;]<div class='q_icon_with_title tiny custom_icon_image center '><div class=\"icon_holder \" style=\" \"><img decoding=\"async\" itemprop=\"image\" style=\"\" src=\"http:\/\/kycodontologos.com\/kyc\/wp-content\/uploads\/2018\/11\/10.jpg\" alt=\"\"><\/div><div class=\"icon_text_holder\" style=\"\"><div class=\"icon_text_inner\" style=\"\"><h3 class=\"icon_title\" style=\"color: #3e4140;\">CIRUG\u00cdA ORAL<\/h3><p style='color: #929493'><\/p><\/div><\/div><\/div>[vc_column_text]Es la <strong>especialidad de la Odontolog\u00eda<\/strong> que trata <strong>quir\u00fargicamente<\/strong> las enfermedades que afectan tu cara, cuello dientes y articulaci\u00f3n temporomandibular. Nuestros especialistas conocen las <strong>mejores t\u00e9cnicas<\/strong> en la extracci\u00f3n de cordales y otras alteraciones en tejidos blandos que necesiten de su intervenci\u00f3n.[\/vc_column_text][\/vc_column][vc_column width=&#8221;1\/2&#8243; offset=&#8221;vc_col-lg-3 vc_col-md-3&#8243; el_class=&#8221;disable-neg-margin-resp&#8221;]<div class='q_icon_with_title tiny custom_icon_image center '><div class=\"icon_holder \" style=\" \"><img decoding=\"async\" itemprop=\"image\" style=\"\" src=\"http:\/\/kycodontologos.com\/kyc\/wp-content\/uploads\/2018\/11\/9.jpg\" alt=\"\"><\/div><div class=\"icon_text_holder\" style=\"\"><div class=\"icon_text_inner\" style=\"\"><h3 class=\"icon_title\" style=\"color: #3e4140;\">ORTODONCIA<\/h3><p style='color: #929493'><\/p><\/div><\/div><\/div>[vc_column_text]Todo lo que tiene el prefijo <strong>ORTHO<\/strong> desea acercarse a lo <strong>recto<\/strong>, a lo correcto. Nuestros ortodoncistas conocen la <strong>t\u00e9cnica de alinear<\/strong> y corregir los dientes manteni\u00e9ndolos <strong>saludables y est\u00e9ticamente arm\u00f3nicos<\/strong>.[\/vc_column_text][\/vc_column][vc_column width=&#8221;1\/2&#8243; offset=&#8221;vc_col-lg-3 vc_col-md-3&#8243; el_class=&#8221;disable-neg-margin-resp&#8221;]<div class='q_icon_with_title tiny custom_icon_image center '><div class=\"icon_holder \" style=\" \"><img decoding=\"async\" itemprop=\"image\" style=\"\" src=\"http:\/\/kycodontologos.com\/kyc\/wp-content\/uploads\/2018\/11\/7.jpg\" alt=\"\"><\/div><div class=\"icon_text_holder\" style=\"\"><div class=\"icon_text_inner\" style=\"\"><h3 class=\"icon_title\" style=\"color: #3e4140;\">PERIODONCIA<\/h3><p style='color: #929493'><\/p><\/div><\/div><\/div>[vc_column_text]Las <strong>mejores sonrisas<\/strong> se construyen sobre unas bases sanas y s\u00f3lidas. El hueso de soporte de los dientes debe <strong>ser cuidado y fortalecido permanentemente<\/strong>. Una buena t\u00e9cnica personal de cuidado y limpieza dental son fundamentales. Nuestro aporte al cuidado y mantenimiento de tu <strong>salud periodontal<\/strong> se basa en ofrecerte <strong>controles peri\u00f3dicos<\/strong> de las condiciones de tus enc\u00edas, de tus huesos y de las fuerzas que usas al masticar.[\/vc_column_text][\/vc_column][vc_column width=&#8221;1\/2&#8243; offset=&#8221;vc_col-lg-3 vc_col-md-3&#8243; el_class=&#8221;disable-neg-margin-resp&#8221;]<div class='q_icon_with_title tiny custom_icon_image center '><div class=\"icon_holder \" style=\" \"><img decoding=\"async\" itemprop=\"image\" style=\"\" src=\"http:\/\/kycodontologos.com\/kyc\/wp-content\/uploads\/2018\/11\/6.jpg\" alt=\"\"><\/div><div class=\"icon_text_holder\" style=\"\"><div class=\"icon_text_inner\" style=\"\"><h3 class=\"icon_title\" style=\"color: #3e4140;\">SEDACI\u00d3N<\/h3><p style='color: #929493'><\/p><\/div><\/div><\/div>[vc_column_text]Es un <strong>procedimiento m\u00e9dico<\/strong> dirigido por un especialista en anestesiolog\u00eda quien suministra a nuestros pacientes de cirug\u00eda, ni\u00f1os o adultos ansiosos, medicamentos especiales para <strong>bloquear el dolor, relajar y facilitar los tratamientos odontol\u00f3gicos.<\/strong> Los pacientes se recuperan r\u00e1pidamente y pueden retornar a sus actividades cotidianas sin recuerdos de las intervenciones recibidas.[\/vc_column_text][\/vc_column][\/vc_row][vc_row css_animation=&#8221;&#8221; row_type=&#8221;row&#8221; use_row_as_full_screen_section=&#8221;no&#8221; type=&#8221;grid&#8221; angled_section=&#8221;no&#8221; text_align=&#8221;left&#8221; background_image_as_pattern=&#8221;without_pattern&#8221; css=&#8221;.vc_custom_1519316876239{padding-top: 110px !important;padding-bottom: 140px !important;background-color: #ffffff !important;}&#8221; z_index=&#8221;&#8221;][vc_column width=&#8221;1\/2&#8243; offset=&#8221;vc_col-lg-3 vc_col-md-3&#8243; el_class=&#8221;disable-neg-margin-resp&#8221;]<div class='q_icon_with_title tiny custom_icon_image center '><div class=\"icon_holder \" style=\" \"><img decoding=\"async\" itemprop=\"image\" style=\"\" src=\"http:\/\/kycodontologos.com\/kyc\/wp-content\/uploads\/2018\/11\/8.jpg\" alt=\"\"><\/div><div class=\"icon_text_holder\" style=\"\"><div class=\"icon_text_inner\" style=\"\"><h3 class=\"icon_title\" style=\"color: #3e4140;\">ENDODONCIA<\/h3><p style='color: #929493'><\/p><\/div><\/div><\/div>[vc_column_text]En el <strong>interior de tus dientes y muelas<\/strong> hay una peque\u00f1o espacio lleno de vida: nervios, venas y peque\u00f1\u00edsimas arterias los irrigan e hidratan. Es como una c\u00e1mara sagrada que a veces es penetrada por microorganismos que la infectan y hacen de esto un proceso muy doloroso. Los <strong>endodoncistas<\/strong> est\u00e1n preparados para <strong>limpiar y rehabilitar<\/strong> para conservar tu pieza dentaria.[\/vc_column_text][\/vc_column][vc_column width=&#8221;1\/2&#8243; offset=&#8221;vc_col-lg-3 vc_col-md-3&#8243; el_class=&#8221;disable-neg-margin-resp&#8221;]<div class='q_icon_with_title tiny custom_icon_image center '><div class=\"icon_holder \" style=\" \"><img decoding=\"async\" itemprop=\"image\" style=\"\" src=\"http:\/\/kycodontologos.com\/kyc\/wp-content\/uploads\/2018\/11\/5.jpg\" alt=\"\"><\/div><div class=\"icon_text_holder\" style=\"\"><div class=\"icon_text_inner\" style=\"\"><h3 class=\"icon_title\" style=\"color: #3e4140;\">ODONTOPEDIATRIA<\/h3><p style='color: #929493'><\/p><\/div><\/div><\/div>[vc_column_text]<strong>Los dientes de leche son tan importantes como los permanentes.<\/strong> Son ellos los encargados de hacer de guardianes de los espacios que ocupar\u00e1n los dientes que vendr\u00e1n y de permitir al ni\u00f1o tener un adecuado desarrollo de su cara, comer, hablar y sonre\u00edr. La <strong>odontopediatr\u00eda<\/strong> es la encargada de tratar a los ni\u00f1os para <strong>prevenir, mantener, curar y rehabilitar la dentici\u00f3n temporal, mixta y permanente temprana.<\/strong> Sabemos como orientarte si eres una madre gestante, sobre aquello que debes conocer sobre tu propio cuidado y para el desarrollo dental saludable de tu hijo. A ustedes que son padres, y que de manera temprana se preocupan por conocer la mejor manera de alimentar a sus hijos y cuidar de sus peque\u00f1os dientes. <strong>Damos gu\u00edas<\/strong> a tu ni\u00f1o para que genere rutinas de autocuidado y a ver la <strong>odontolog\u00eda como una ciencia amigable<\/strong> Para nosotros la <strong>prevenci\u00f3n es la semilla<\/strong> que cuidamos para que los frutos sean sonrisas sanas.[\/vc_column_text][\/vc_column][\/vc_row][vc_row css_animation=&#8221;&#8221; row_type=&#8221;row&#8221; use_row_as_full_screen_section=&#8221;no&#8221; type=&#8221;full_width&#8221; angled_section=&#8221;no&#8221; text_align=&#8221;left&#8221; background_image_as_pattern=&#8221;without_pattern&#8221;][vc_column width=&#8221;2\/3&#8243; css=&#8221;.vc_custom_1544076622832{background-color: #6dc8f1 !important;}&#8221;][\/vc_column][vc_column width=&#8221;1\/3&#8243;][qode_elements_holder number_of_columns=&#8221;one_column&#8221;][qode_elements_holder_item background_color=&#8221;#6dc8f1&#8243; item_padding=&#8221;65px 65px 65px 65px&#8221; advanced_animations=&#8221;no&#8221;][vc_column_text]<\/p>\n<h2><span style=\"color: #ffffff;\">HORARIO DE ATENCI\u00d3N<\/span><\/h2>\n<p>[\/vc_column_text][vc_empty_space height=&#8221;13&#8243;]<div class=\"qode-advanced-pricing-list\">\n\t<div class=\"qode-apl-header\">\n\t\t<div class=\"qode-apl-title-holder\">\n\t\t\t<h3 class=\"qode-apl-title\" >\n\t\t\t\t\t\t\t<\/h3>\n\t\t<\/div>\n\t<\/div>\n\t<div class=\"qode-apl-items\">\n\t\t\t\t\t<div class=\"qode-apl-item\">\n\t\t\t\t<div class=\"qode-apl-item-top\">\n\t\t\t\t\t<p class=\"qode-apl-item-title\" style=\"color:#ffffff\">\n\t\t\t\t\t\tLunes\t\t\t\t\t<\/p>\n\t\t\t\t\t<div class=\"qode-apl-line\" style=\"border-style:dotted;border-color:#ffffff\"><\/div>\n\t\t\t\t\t<p class=\"qode-apl-item-price\" style=\"color:#ffffff\">\n\t\t\t\t\t\t08:00 - 18:00\t\t\t\t\t<\/p>\n\t\t\t\t<\/div>\n\t\t\t\t\t\t\t<\/div>\n\t\t\t\t\t<div class=\"qode-apl-item\">\n\t\t\t\t<div class=\"qode-apl-item-top\">\n\t\t\t\t\t<p class=\"qode-apl-item-title\" style=\"color:#ffffff\">\n\t\t\t\t\t\tMartes\t\t\t\t\t<\/p>\n\t\t\t\t\t<div class=\"qode-apl-line\" style=\"border-style:dotted;border-color:#ffffff\"><\/div>\n\t\t\t\t\t<p class=\"qode-apl-item-price\" style=\"color:#ffffff\">\n\t\t\t\t\t\t08:00 - 18:00\t\t\t\t\t<\/p>\n\t\t\t\t<\/div>\n\t\t\t\t\t\t\t<\/div>\n\t\t\t\t\t<div class=\"qode-apl-item\">\n\t\t\t\t<div class=\"qode-apl-item-top\">\n\t\t\t\t\t<p class=\"qode-apl-item-title\" style=\"color:#ffffff\">\n\t\t\t\t\t\tMi\u00e9rcoles\t\t\t\t\t<\/p>\n\t\t\t\t\t<div class=\"qode-apl-line\" style=\"border-style:dotted;border-color:#ffffff\"><\/div>\n\t\t\t\t\t<p class=\"qode-apl-item-price\" style=\"color:#ffffff\">\n\t\t\t\t\t\t08:00 - 18:00\t\t\t\t\t<\/p>\n\t\t\t\t<\/div>\n\t\t\t\t\t\t\t<\/div>\n\t\t\t\t\t<div class=\"qode-apl-item\">\n\t\t\t\t<div class=\"qode-apl-item-top\">\n\t\t\t\t\t<p class=\"qode-apl-item-title\" style=\"color:#ffffff\">\n\t\t\t\t\t\tJueves\t\t\t\t\t<\/p>\n\t\t\t\t\t<div class=\"qode-apl-line\" style=\"border-style:dotted;border-color:#ffffff\"><\/div>\n\t\t\t\t\t<p class=\"qode-apl-item-price\" style=\"color:#ffffff\">\n\t\t\t\t\t\t08:00 - 18:00\t\t\t\t\t<\/p>\n\t\t\t\t<\/div>\n\t\t\t\t\t\t\t<\/div>\n\t\t\t\t\t<div class=\"qode-apl-item\">\n\t\t\t\t<div class=\"qode-apl-item-top\">\n\t\t\t\t\t<p class=\"qode-apl-item-title\" style=\"color:#ffffff\">\n\t\t\t\t\t\tViernes\t\t\t\t\t<\/p>\n\t\t\t\t\t<div class=\"qode-apl-line\" style=\"border-style:dotted;border-color:#ffffff\"><\/div>\n\t\t\t\t\t<p class=\"qode-apl-item-price\" style=\"color:#ffffff\">\n\t\t\t\t\t\t08:00 - 18:00\t\t\t\t\t<\/p>\n\t\t\t\t<\/div>\n\t\t\t\t\t\t\t<\/div>\n\t\t\t\t\t<div class=\"qode-apl-item\">\n\t\t\t\t<div class=\"qode-apl-item-top\">\n\t\t\t\t\t<p class=\"qode-apl-item-title\" style=\"color:#ffffff\">\n\t\t\t\t\t\tSabado\t\t\t\t\t<\/p>\n\t\t\t\t\t<div class=\"qode-apl-line\" style=\"border-style:dotted;border-color:#ffffff\"><\/div>\n\t\t\t\t\t<p class=\"qode-apl-item-price\" style=\"color:#ffffff\">\n\t\t\t\t\t\t09:00 - 13:00\t\t\t\t\t<\/p>\n\t\t\t\t<\/div>\n\t\t\t\t\t\t\t<\/div>\n\t\t\t<\/div>\n<\/div>[\/qode_elements_holder_item][\/qode_elements_holder][\/vc_column][\/vc_row]<\/p>\n","protected":false},"excerpt":{"rendered":"<p>[vc_row css_animation=&#8221;&#8221; row_type=&#8221;row&#8221; use_row_as_full_screen_section=&#8221;no&#8221; type=&#8221;grid&#8221; angled_section=&#8221;no&#8221; text_align=&#8221;left&#8221; background_image_as_pattern=&#8221;without_pattern&#8221; css=&#8221;.vc_custom_1519316876239{padding-top: 110px !important;padding-bottom: 140px !important;background-color: #ffffff !important;}&#8221; z_index=&#8221;&#8221;][vc_column width=&#8221;1\/2&#8243; offset=&#8221;vc_col-lg-3 vc_col-md-3&#8243; el_class=&#8221;disable-neg-margin-resp&#8221;][vc_column_text]Todos conocemos el PODER de la sonrisa. Por eso somos muy cuidadosos en el prop\u00f3sito de mantener el valioso tesoro de tu dentadura para que vivas&#8230;<\/p>\n","protected":false},"author":1,"featured_media":0,"parent":0,"menu_order":0,"comment_status":"closed","ping_status":"closed","template":"full_width.php","meta":{"om_disable_all_campaigns":false,"_monsterinsights_skip_tracking":false,"_monsterinsights_sitenote_active":false,"_monsterinsights_sitenote_note":"","_monsterinsights_sitenote_category":0,"footnotes":""},"class_list":["post-231","page","type-page","status-publish","hentry"],"jetpack_sharing_enabled":true,"_links":{"self":[{"href":"http:\/\/kycodontologos.com\/kyc\/wp-json\/wp\/v2\/pages\/231","targetHints":{"allow":["GET"]}}],"collection":[{"href":"http:\/\/kycodontologos.com\/kyc\/wp-json\/wp\/v2\/pages"}],"about":[{"href":"http:\/\/kycodontologos.com\/kyc\/wp-json\/wp\/v2\/types\/page"}],"author":[{"embeddable":true,"href":"http:\/\/kycodontologos.com\/kyc\/wp-json\/wp\/v2\/users\/1"}],"replies":[{"embeddable":true,"href":"http:\/\/kycodontologos.com\/kyc\/wp-json\/wp\/v2\/comments?post=231"}],"version-history":[{"count":6,"href":"http:\/\/kycodontologos.com\/kyc\/wp-json\/wp\/v2\/pages\/231\/revisions"}],"predecessor-version":[{"id":467,"href":"http:\/\/kycodontologos.com\/kyc\/wp-json\/wp\/v2\/pages\/231\/revisions\/467"}],"wp:attachment":[{"href":"http:\/\/kycodontologos.com\/kyc\/wp-json\/wp\/v2\/media?parent=231"}],"curies":[{"name":"wp","href":"https:\/\/api.w.org\/{rel}","templated":true}]}}